{"id":43,"date":"2023-08-08T09:52:48","date_gmt":"2023-08-08T09:52:48","guid":{"rendered":"https:\/\/demo.winyan.de\/?page_id=43"},"modified":"2025-03-11T10:10:37","modified_gmt":"2025-03-11T10:10:37","slug":"beratung","status":"publish","type":"page","link":"https:\/\/winyan.de\/index.php\/beratung\/","title":{"rendered":"BERATUNG"},"content":{"rendered":"\n<p><\/p>\n\n\n\n\t\t<!-- MasterSlider -->\n\t\t<div id=\"P_MS69e89c8f123f4\" class=\"master-slider-parent msl ms-parent-id-9\" style=\"max-width:2000px;\">\n\n\t\t\t\n\t\t\t<!-- MasterSlider Main -->\n\t\t\t<div id=\"MS69e89c8f123f4\" class=\"master-slider ms-skin-default\" >\n\t\t\t\t \t\t\t\t \n\t\t\t\t<div  class=\"ms-slide\" data-delay=\"3\" data-fill-mode=\"fill\"  >\n\t\t\t\t\t<img decoding=\"async\" src=\"https:\/\/winyan.de\/wp-content\/plugins\/master-slider\/public\/assets\/css\/blank.gif\" alt=\"\" title=\"\" data-src=\"https:\/\/winyan.de\/wp-content\/uploads\/2023\/10\/slider-beratung-2000x350.jpg\" \/>\n\n\n\t<div class=\"ms-thumb\" ><div class=\"ms-tab-context\"><div class=\"&quot;ms-tab-context&quot;\"><\/div><\/div>\n<\/div>\n\t\t\t\t<\/div>\n\n\t\t\t<\/div>\n\t\t\t<!-- END MasterSlider Main -->\n\n\t\t\t \n\t\t<\/div>\n\t\t<!-- END MasterSlider -->\n\n\t\t<script>\n\t\t(function ( $ ) {\n\t\t\t\"use strict\";\n\n\t\t\t$(function () {\n\t\t\t\tvar masterslider_23f4 = new MasterSlider();\n\n\t\t\t\t\/\/ slider controls\n\n\t\t\t\t\/\/ slider setup\n\t\t\t\tmasterslider_23f4.setup(\"MS69e89c8f123f4\", {\n\t\t\t\t\t\twidth           : 2000,\n\t\t\t\t\t\theight          : 350,\n\t\t\t\t\t\tminHeight       : 0,\n\t\t\t\t\t\tspace           : 0,\n\t\t\t\t\t\tstart           : 1,\n\t\t\t\t\t\tgrabCursor      : true,\n\t\t\t\t\t\tswipe           : true,\n\t\t\t\t\t\tmouse           : true,\n\t\t\t\t\t\tlayout          : \"boxed\",\n\t\t\t\t\t\twheel           : false,\n\t\t\t\t\t\tautoplay        : true,\n\t\t\t\t\t\tinstantStartLayers:false,\n\t\t\t\t\t\tloop            : true,\n\t\t\t\t\t\tshuffle         : false,\n\t\t\t\t\t\tpreload         : 0,\n\t\t\t\t\t\theightLimit     : true,\n\t\t\t\t\t\tautoHeight      : false,\n\t\t\t\t\t\tsmoothHeight    : true,\n\t\t\t\t\t\tendPause        : false,\n\t\t\t\t\t\toverPause       : true,\n\t\t\t\t\t\tfillMode        : \"fill\",\n\t\t\t\t\t\tcenterControls  : true,\n\t\t\t\t\t\tstartOnAppear   : false,\n\t\t\t\t\t\tlayersMode      : \"center\",\n\t\t\t\t\t\thideLayers      : false,\n\t\t\t\t\t\tfullscreenMargin: 0,\n\t\t\t\t\t\tspeed           : 4,\n\t\t\t\t\t\tdir             : \"h\",\n\t\t\t\t\t\tparallaxMode    : 'swipe',\n\t\t\t\t\t\tview            : \"basic\"\n\t\t\t\t});\n\n\t\t\t\t\n\t\t\t\twindow.masterslider_instances = window.masterslider_instances || [];\n\t\t\t\twindow.masterslider_instances.push( masterslider_23f4 );\n\t\t\t });\n\n\t\t})(jQuery);\n\t\t<\/script>\n\n\n\n\n\n<p class=\"has-text-align-center\"><\/p>\n\n\n\n<h4 class=\"wp-block-heading has-text-align-center\"><strong>LIEBEVOLLES DASEIN &amp; WAMRER TEE SIND DER BEGINN EINER HEILUNG<\/strong><\/h4>\n\n\n\n<hr class=\"wp-block-separator has-alpha-channel-opacity\"\/>\n\n\n\n<p class=\"has-text-align-center\"><strong>Deine Begleitung bei mir:<br>\u2022 in der Praxis<br>\u2022 als Hausbesuch<br>\u2022 oder als Online-Begleitung<\/strong><\/p>\n\n\n\n<p><\/p>\n\n\n\n<p>Ganzheitliche Begleitung bei Krisen rund um die Geburt, in (besonderer) Schwangerschaft &amp; bei traumatischen Geburtserfahrungen<\/p>\n\n\n\n<p><strong>Als Wegbegleiterin deines Heilungsweges begleite ich dich dar\u00fcber hinaus bei vielen weiteren Themen, die h\u00e4ufig rund um die Geburt auftauchen und gesehen werden m\u00f6chten.<\/strong><\/p>\n\n\n\n<p>\u2743 Einzelberatung vor und nach der Geburt<\/p>\n\n\n\n<p>\u2743 Beratung nach Kaiserschnitt und schwieriger Geburt, Schwangerschaft &amp; Wochenbett (PPD)<\/p>\n\n\n\n<p>\u2743 Beratung f\u00fcr Paare und V\u00e4ter<\/p>\n\n\n\n<p>\u2743 Schwangerschaftsbegleitung nach sexuellen Missbrauchserfahrungen und bei \u00c4ngsten<\/p>\n\n\n\n<p>\u2743 Begleitung von Sternenkinder-Eltern<\/p>\n\n\n\n<p>\u2743 Doppel-Sprechstunde *Schwangerschaft und Geburt nach schwieriger Entbindung oder Kaiserschnitt* (VBAC) &#8211; Beratung mit Nina Klara, \u00c4rztin und Nicole Ebrecht-Fu\u00df gemeinsam (s.u.)<\/p>\n\n\n\n<hr class=\"wp-block-separator has-alpha-channel-opacity\"\/>\n\n\n\n<h4 class=\"wp-block-heading\">Meine Beratungen und Seminare finden in meiner Praxis in der Vulkaneifel &#8222;Raum f\u00fcr heilsame Zeit&#8220; in der K\u00f6lner Str. 1, 54579 Leudersdorf (\u00dcxheim) statt. (ca. 1 Std. von K\u00f6ln entfernt) oder Online oder als Hausbesuch.<\/h4>\n\n\n\n<hr class=\"wp-block-separator has-alpha-channel-opacity\"\/>\n\n\n\n<p>Ich biete <strong>naturverbundene, ganzheitliche Beratung und Begleitung<\/strong> mit verschiedenen (therapeutischen) Methoden an. Mit meinem <strong>ganzheitlichen Konzept<\/strong> arbeite ich (neben dem Gespr\u00e4ch) z.B.:<\/p>\n\n\n\n<p><strong>\u2661<\/strong> mit verschiedenen k\u00f6rpertherapeutischen Methoden und Massagen (z.B. Schwangeren-Massage, Ganzk\u00f6rpermassage)<\/p>\n\n\n\n<p>\u2661 mit Imaginationsverfahren, sogenannten Heilreisen, gef\u00fchrten Meditationen und Entspannungsverfahren, Atmung<\/p>\n\n\n\n<p>\u2661 mit gemeinsamem Herstellen eines individuellen, aromatherapeutischen Heil-\u00d6les (z.B. Herzens-Heil\u00f6l, Schwangerschafts-\u00d6l, Geburts-\u00d6l oder Narben-Heil\u00f6les f\u00fcr K\u00f6rper und Seele)<\/p>\n\n\n\n<p>\u2661 mit <a href=\"https:\/\/winyan.de\/index.php\/rituale\/\">Ritualen<\/a> <\/p>\n\n\n\n<p>\u2661 mit dem Erschaffen von Bedingungen in denen die Selbstheilungskr\u00e4fte, Ressourcen und Ur-Kr\u00e4fte wieder wirksam werden k\u00f6nnen<\/p>\n\n\n\n<p>\u2661 auch innere Kindarbeit, Transformation von negativen Glaubens\u00e4tzen, Affirmationen und heilsame Impulse k\u00f6nnen Teil unserer gemeinsamen Arbeit sein<\/p>\n\n\n\n<p>\u2661 mit dem &#8222;stillen Raum&#8220;  &#8211; prozessorientiertes Begleiten mit allem was sich zeigt<\/p>\n\n\n\n<hr class=\"wp-block-separator has-alpha-channel-opacity\"\/>\n\n\n\n<p>Du kannst grunds\u00e4tzlich mit fast allen Themen zu mir kommen. Wenn du sp\u00fcrst, dass du dich gern von mir begleiten lassen m\u00f6chtest, dann melde dich gerne bei mir!<\/p>\n\n\n\n<p>Noch ein paar konkrete Beispiele, f\u00fcr die es genau wissen m\u00f6chten \ud83d\ude09 <\/p>\n\n\n\n<p><strong>Beratung, Begleitung und Informationen zu folgenden Themen (u.v.m.<\/strong>):<\/p>\n\n\n\n<p><strong>Vor der Geburt<\/strong> (mehr bei <a href=\"https:\/\/winyan.de\/index.php\/doula-geburtsschwester\/\" data-type=\"page\" data-id=\"173\">Doula\/Geburtsh\u00fcterin<\/a>)<\/p>\n\n\n\n<ul class=\"wp-block-list\">\n<li>Reise zum Ungeboreren<\/li>\n\n\n\n<li>Kontakt und Bindung zum Baby<\/li>\n\n\n\n<li>angeborenes Geburtswissen und weibliche Ur-Kraft<\/li>\n\n\n\n<li>Geburtsf\u00f6rdernde Bedingungen (f\u00fcr eine positiv erlebte, nat\u00fcrliche Geburt)<\/li>\n\n\n\n<li>verschiedene Schwangeren-Vorsorgemodelle<\/li>\n\n\n\n<li>Selbstbestimmte Schwangerschaft und Geburt<\/li>\n\n\n\n<li>Begleitung von PND (Pr\u00e4nataldiagnostische Untersuchungen) und deren Wartzeiten auf Ergebnisse<\/li>\n\n\n\n<li>welche Untersuchungen in der Schwangerschaft machen Sinn? Informierte Entscheidungen treffen<\/li>\n\n\n\n<li>ganzheitliche Aspekte der Schwangerschaft und Geburt<\/li>\n\n\n\n<li>Umgang mit Angst und Schmerzen<\/li>\n\n\n\n<li>Kaiserschnitt und Kaiserschnitt auf Wunsch<\/li>\n\n\n\n<li>wie funktioniert eine normale physiologische Geburt?<\/li>\n\n\n\n<li>Sexualit\u00e4t+Schwangerschaft\/Geburt<\/li>\n\n\n\n<li>Alternative M\u00f6glichkeiten zur Geburtsbegleitung<\/li>\n\n\n\n<li>Sch\u00f6nheitsideale und K\u00f6rperbild<\/li>\n\n\n\n<li>Schwangerenbegleitung nach sexuellen Missbrauchserfahrungen und bei \u00c4ngsten<\/li>\n<\/ul>\n\n\n\n<p><strong>Nach der Geburt<\/strong><\/p>\n\n\n\n<ul class=\"wp-block-list\">\n<li>Trauma-Begleitung (ganzheitliches, individuelles Konzept)<br>nach Kaiserschnitt oder schwieriger Geburt<\/li>\n\n\n\n<li>Begleitung von Sternenkinder-Eltern \u2013 nach &#8222;Fehl&#8220;-geburt, Totgeburt, Fr\u00fchgeburt und medizinisch indiziertem Schwangerschaftsabbruch<\/li>\n\n\n\n<li>K\u00f6rpertherapeutische Ans\u00e4tze<\/li>\n\n\n\n<li>Heilungsrituale<\/li>\n\n\n\n<li>Herstellung eines individuellen, aromatherapeutischen Heil\u00f6les<\/li>\n\n\n\n<li>Reflexion eigener Geburtserfahrungen<\/li>\n\n\n\n<li>K\u00f6rperliche und seelische Narbenpflege<\/li>\n\n\n\n<li>Vaginale Geburt nach Kaiserschnitt (VBAC)<\/li>\n\n\n\n<li>die Geburt der Mutter\/ Mutterrolle<\/li>\n\n\n\n<li>die Geburt des Vaters und der Familie (aus der Dyade wird die Triade)<\/li>\n\n\n\n<li>Ver\u00e4nderte Paarbeziehung<\/li>\n\n\n\n<li>Mutter-Kind-Bindung<\/li>\n\n\n\n<li>Sexualit\u00e4t nach der Geburt<\/li>\n\n\n\n<li>Selbstf\u00fcrsorge\/Aktivierung der Selbstheilungskr\u00e4fte<\/li>\n\n\n\n<li>*Fu\u00dfreflexzonenmassage* heilend, wohltuend, entspannend<br>[\u00fcber eine Massage der Reflexzonen am Fu\u00df kann eine deutliche Stabilisierung erreicht werden * sie ber\u00fchrt sanft den gesamten K\u00f6rper * bringt \u00fcber die Meridiane die Energie wieder in Fluss * au\u00dferdem erste Kontaktaufnahme mit der Narbe\/Narbenentst\u00f6rung (nach Kaiserschnitt), auf Wunsch mit gemeinsam selbst hergestelltem Massage\u00f6l]<\/li>\n<\/ul>\n\n\n\n<hr class=\"wp-block-separator has-alpha-channel-opacity\"\/>\n\n\n\n<p>Zusatzangebot:<\/p>\n\n\n\n<p><strong>* Doppel-Sprechstunde *Schwangerschaft und Geburt nach schwieriger Geburt\/Kaiserschnitt    (VBAC)&nbsp;&#8211; Beratung mit Nina Klara, \u00c4rztin und Nicole Ebrecht-Fu\u00df gemeinsam! &#8211; individuelle und ganzheitliche Einzel-Beratung zu medizinischen und allen anderen Fragen f\u00fcr Frauen\/Paare <\/strong> Honorar 120.- (60 min.) 180.- (90 min.) (Sozialpreis auf Anfrage) &nbsp; &nbsp; &nbsp; &nbsp; Termine auf Anfrage<strong>&nbsp;&#8211;&nbsp;<\/strong>unter 01573-4406394 oder&nbsp;<a href=\"https:\/\/web.archive.org\/web\/20220524032518\/mailto:info@winyan.de\">info(at)winyan.de<\/a><\/p>\n\n\n\n<figure class=\"wp-block-gallery has-nested-images columns-default is-cropped wp-block-gallery-1 is-layout-flex wp-block-gallery-is-layout-flex\">\n<figure class=\"wp-block-image size-large\"><img loading=\"lazy\" decoding=\"async\" width=\"676\" height=\"1024\" data-id=\"275\" src=\"https:\/\/winyan.de\/wp-content\/uploads\/2023\/11\/Ohr-sw-676x1024.jpg\" alt=\"\" class=\"wp-image-275\" srcset=\"https:\/\/winyan.de\/wp-content\/uploads\/2023\/11\/Ohr-sw-676x1024.jpg 676w, https:\/\/winyan.de\/wp-content\/uploads\/2023\/11\/Ohr-sw-198x300.jpg 198w, https:\/\/winyan.de\/wp-content\/uploads\/2023\/11\/Ohr-sw-768x1164.jpg 768w, https:\/\/winyan.de\/wp-content\/uploads\/2023\/11\/Ohr-sw.jpg 944w\" sizes=\"auto, (max-width: 676px) 100vw, 676px\" \/><\/figure>\n\n\n\n<figure class=\"wp-block-image size-large\"><img loading=\"lazy\" decoding=\"async\" width=\"1024\" height=\"1024\" data-id=\"449\" src=\"https:\/\/winyan.de\/wp-content\/uploads\/2024\/01\/Nicole-Winyan-Paarbegleitung-1024x1024.jpg\" alt=\"\" class=\"wp-image-449\" srcset=\"https:\/\/winyan.de\/wp-content\/uploads\/2024\/01\/Nicole-Winyan-Paarbegleitung-1024x1024.jpg 1024w, https:\/\/winyan.de\/wp-content\/uploads\/2024\/01\/Nicole-Winyan-Paarbegleitung-300x300.jpg 300w, https:\/\/winyan.de\/wp-content\/uploads\/2024\/01\/Nicole-Winyan-Paarbegleitung-150x150.jpg 150w, https:\/\/winyan.de\/wp-content\/uploads\/2024\/01\/Nicole-Winyan-Paarbegleitung-768x768.jpg 768w, https:\/\/winyan.de\/wp-content\/uploads\/2024\/01\/Nicole-Winyan-Paarbegleitung-1536x1536.jpg 1536w, https:\/\/winyan.de\/wp-content\/uploads\/2024\/01\/Nicole-Winyan-Paarbegleitung-2048x2048.jpg 2048w\" sizes=\"auto, (max-width: 1024px) 100vw, 1024px\" \/><figcaption class=\"wp-element-caption\">PAARBEGLEITUNG<\/figcaption><\/figure>\n\n\n\n<figure class=\"wp-block-image size-large\"><img loading=\"lazy\" decoding=\"async\" width=\"1024\" height=\"685\" data-id=\"472\" src=\"https:\/\/winyan.de\/wp-content\/uploads\/2024\/01\/orangene-Gerbera-Tropfen-1024x685.jpg\" alt=\"\" class=\"wp-image-472\" srcset=\"https:\/\/winyan.de\/wp-content\/uploads\/2024\/01\/orangene-Gerbera-Tropfen-1024x685.jpg 1024w, https:\/\/winyan.de\/wp-content\/uploads\/2024\/01\/orangene-Gerbera-Tropfen-300x201.jpg 300w, https:\/\/winyan.de\/wp-content\/uploads\/2024\/01\/orangene-Gerbera-Tropfen-768x514.jpg 768w, https:\/\/winyan.de\/wp-content\/uploads\/2024\/01\/orangene-Gerbera-Tropfen-1536x1028.jpg 1536w, https:\/\/winyan.de\/wp-content\/uploads\/2024\/01\/orangene-Gerbera-Tropfen-2048x1370.jpg 2048w, https:\/\/winyan.de\/wp-content\/uploads\/2024\/01\/orangene-Gerbera-Tropfen-570x380.jpg 570w, https:\/\/winyan.de\/wp-content\/uploads\/2024\/01\/orangene-Gerbera-Tropfen-380x254.jpg 380w, https:\/\/winyan.de\/wp-content\/uploads\/2024\/01\/orangene-Gerbera-Tropfen-285x190.jpg 285w\" sizes=\"auto, (max-width: 1024px) 100vw, 1024px\" \/><\/figure>\n\n\n\n<figure class=\"wp-block-image size-large\"><img loading=\"lazy\" decoding=\"async\" width=\"768\" height=\"1024\" data-id=\"476\" src=\"https:\/\/winyan.de\/wp-content\/uploads\/2024\/01\/20231218_141634-768x1024.jpg\" alt=\"\" class=\"wp-image-476\" srcset=\"https:\/\/winyan.de\/wp-content\/uploads\/2024\/01\/20231218_141634-768x1024.jpg 768w, https:\/\/winyan.de\/wp-content\/uploads\/2024\/01\/20231218_141634-225x300.jpg 225w, https:\/\/winyan.de\/wp-content\/uploads\/2024\/01\/20231218_141634-1152x1536.jpg 1152w, https:\/\/winyan.de\/wp-content\/uploads\/2024\/01\/20231218_141634-1536x2048.jpg 1536w, https:\/\/winyan.de\/wp-content\/uploads\/2024\/01\/20231218_141634-scaled.jpg 1920w\" sizes=\"auto, (max-width: 768px) 100vw, 768px\" \/><figcaption class=\"wp-element-caption\">Bio-HEIL\u00d6LE <br>intuitiv &amp; individuell f\u00fcr dich &amp; mit dir hergestellt<\/figcaption><\/figure>\n\n\n\n<figure class=\"wp-block-image size-large\"><img loading=\"lazy\" decoding=\"async\" width=\"384\" height=\"576\" data-id=\"473\" src=\"https:\/\/winyan.de\/wp-content\/uploads\/2024\/01\/DSC08560-3.jpg\" alt=\"\" class=\"wp-image-473\" srcset=\"https:\/\/winyan.de\/wp-content\/uploads\/2024\/01\/DSC08560-3.jpg 384w, https:\/\/winyan.de\/wp-content\/uploads\/2024\/01\/DSC08560-3-200x300.jpg 200w\" sizes=\"auto, (max-width: 384px) 100vw, 384px\" \/><\/figure>\n<\/figure>\n","protected":false},"excerpt":{"rendered":"<p>LIEBEVOLLES DASEIN &amp; WAMRER TEE SIND DER BEGINN EINER HEILUNG Deine Begleitung bei mir:\u2022 in der Praxis\u2022 als Hausbesuch\u2022 oder als Online-Begleitung Ganzheitliche Begleitung bei Krisen rund um die Geburt, in (besonderer) Schwangerschaft &amp; bei traumatischen Geburtserfahrungen Als Wegbegleiterin deines Heilungsweges begleite ich dich dar\u00fcber hinaus bei vielen weiteren Themen, die h\u00e4ufig rund um die [&hellip;]<\/p>\n","protected":false},"author":1,"featured_media":0,"parent":0,"menu_order":0,"comment_status":"closed","ping_status":"closed","template":"","meta":{"footnotes":""},"categories":[],"tags":[],"class_list":["post-43","page","type-page","status-publish","hentry","blog-style1"],"_links":{"self":[{"href":"https:\/\/winyan.de\/index.php\/wp-json\/wp\/v2\/pages\/43","targetHints":{"allow":["GET"]}}],"collection":[{"href":"https:\/\/winyan.de\/index.php\/wp-json\/wp\/v2\/pages"}],"about":[{"href":"https:\/\/winyan.de\/index.php\/wp-json\/wp\/v2\/types\/page"}],"author":[{"embeddable":true,"href":"https:\/\/winyan.de\/index.php\/wp-json\/wp\/v2\/users\/1"}],"replies":[{"embeddable":true,"href":"https:\/\/winyan.de\/index.php\/wp-json\/wp\/v2\/comments?post=43"}],"version-history":[{"count":44,"href":"https:\/\/winyan.de\/index.php\/wp-json\/wp\/v2\/pages\/43\/revisions"}],"predecessor-version":[{"id":800,"href":"https:\/\/winyan.de\/index.php\/wp-json\/wp\/v2\/pages\/43\/revisions\/800"}],"wp:attachment":[{"href":"https:\/\/winyan.de\/index.php\/wp-json\/wp\/v2\/media?parent=43"}],"wp:term":[{"taxonomy":"category","embeddable":true,"href":"https:\/\/winyan.de\/index.php\/wp-json\/wp\/v2\/categories?post=43"},{"taxonomy":"post_tag","embeddable":true,"href":"https:\/\/winyan.de\/index.php\/wp-json\/wp\/v2\/tags?post=43"}],"curies":[{"name":"wp","href":"https:\/\/api.w.org\/{rel}","templated":true}]}}