{"id":33,"date":"2023-08-08T09:48:52","date_gmt":"2023-08-08T09:48:52","guid":{"rendered":"https:\/\/demo.winyan.de\/?page_id=33"},"modified":"2026-03-10T11:34:50","modified_gmt":"2026-03-10T11:34:50","slug":"aktuelles","status":"publish","type":"page","link":"https:\/\/winyan.de\/index.php\/aktuelles\/","title":{"rendered":"Aktuelles"},"content":{"rendered":"\n\t\t<!-- MasterSlider -->\n\t\t<div id=\"P_MS69e615468d4d2\" class=\"master-slider-parent msl ms-parent-id-12\" style=\"max-width:2000px;\">\n\n\t\t\t\n\t\t\t<!-- MasterSlider Main -->\n\t\t\t<div id=\"MS69e615468d4d2\" class=\"master-slider ms-skin-default\" >\n\t\t\t\t \t\t\t\t \n\t\t\t\t<div  class=\"ms-slide\" data-delay=\"3\" data-fill-mode=\"fill\"  >\n\t\t\t\t\t<img decoding=\"async\" src=\"https:\/\/winyan.de\/wp-content\/plugins\/master-slider\/public\/assets\/css\/blank.gif\" alt=\"\" title=\"\" data-src=\"https:\/\/winyan.de\/wp-content\/uploads\/2023\/10\/slide-aktuelles-2000x350.jpg\" \/>\n\n\n\t<div class=\"ms-thumb\" ><div class=\"ms-tab-context\"><div class=\"&quot;ms-tab-context&quot;\"><\/div><\/div>\n<\/div>\n\t\t\t\t<\/div>\n\n\t\t\t<\/div>\n\t\t\t<!-- END MasterSlider Main -->\n\n\t\t\t \n\t\t<\/div>\n\t\t<!-- END MasterSlider -->\n\n\t\t<script>\n\t\t(function ( $ ) {\n\t\t\t\"use strict\";\n\n\t\t\t$(function () {\n\t\t\t\tvar masterslider_d4d2 = new MasterSlider();\n\n\t\t\t\t\/\/ slider controls\n\n\t\t\t\t\/\/ slider setup\n\t\t\t\tmasterslider_d4d2.setup(\"MS69e615468d4d2\", {\n\t\t\t\t\t\twidth           : 2000,\n\t\t\t\t\t\theight          : 350,\n\t\t\t\t\t\tminHeight       : 0,\n\t\t\t\t\t\tspace           : 0,\n\t\t\t\t\t\tstart           : 1,\n\t\t\t\t\t\tgrabCursor      : true,\n\t\t\t\t\t\tswipe           : true,\n\t\t\t\t\t\tmouse           : true,\n\t\t\t\t\t\tlayout          : \"boxed\",\n\t\t\t\t\t\twheel           : false,\n\t\t\t\t\t\tautoplay        : true,\n\t\t\t\t\t\tinstantStartLayers:false,\n\t\t\t\t\t\tloop            : true,\n\t\t\t\t\t\tshuffle         : false,\n\t\t\t\t\t\tpreload         : 0,\n\t\t\t\t\t\theightLimit     : true,\n\t\t\t\t\t\tautoHeight      : false,\n\t\t\t\t\t\tsmoothHeight    : true,\n\t\t\t\t\t\tendPause        : false,\n\t\t\t\t\t\toverPause       : true,\n\t\t\t\t\t\tfillMode        : \"fill\",\n\t\t\t\t\t\tcenterControls  : true,\n\t\t\t\t\t\tstartOnAppear   : false,\n\t\t\t\t\t\tlayersMode      : \"center\",\n\t\t\t\t\t\thideLayers      : false,\n\t\t\t\t\t\tfullscreenMargin: 0,\n\t\t\t\t\t\tspeed           : 4,\n\t\t\t\t\t\tdir             : \"h\",\n\t\t\t\t\t\tparallaxMode    : 'swipe',\n\t\t\t\t\t\tview            : \"basic\"\n\t\t\t\t});\n\n\t\t\t\t\n\t\t\t\twindow.masterslider_instances = window.masterslider_instances || [];\n\t\t\t\twindow.masterslider_instances.push( masterslider_d4d2 );\n\t\t\t });\n\n\t\t})(jQuery);\n\t\t<\/script>\n\n\n\n\n\n<p><\/p>\n\n\n\n<h2 class=\"wp-block-heading\">Aktuelle Veranstaltungen<\/h2>\n\n\n\n<h4 class=\"wp-block-heading\"><strong>Raum f\u00fcr heilsame Zeit | K\u00f6lner Str. 1 <strong>| <\/strong> 54579 Leudersdorf (\u00dcxheim) Vulkan-Eifel<\/strong><\/h4>\n\n\n\n<p><mark style=\"background-color:rgba(0, 0, 0, 0)\" class=\"has-inline-color has-vivid-red-color\"><strong><a href=\"https:\/\/winyan.de\/index.php\/doula-geburtsschwester\/\">Geburtsbegleitungen in NRW <strong>| <\/strong> Eifel <strong>| <\/strong>Gro\u00dfraum K\u00f6ln\/Umgebung <\/a><\/strong><\/mark>&amp; wohin du micht rufst<\/p>\n\n\n\n<p><strong>Online Begleitung und Hausbesuche sind ebenfalls m\u00f6glich<\/strong>.<\/p>\n\n\n\n<hr class=\"wp-block-separator has-alpha-channel-opacity\"\/>\n\n\n\n<h2 class=\"wp-block-heading\">WEGBEGLEITERIN rund um die Geburt &amp; das Leben<\/h2>\n\n\n\n<h2 class=\"wp-block-heading\"><strong>Ganzheitliche Begleitung bei Krisen in Schwangerschaft, Geburt, Wochenbett &amp; danach<\/strong><\/h2>\n\n\n\n<hr class=\"wp-block-separator has-alpha-channel-opacity\"\/>\n\n\n\n<p><strong><a href=\"https:\/\/winyan.de\/index.php\/beratung\/\">Einzelbegleitung <\/a>bei Krisen rund um die Geburt, in (besonderer) Schwangerschaft &amp; bei schwierigen Geburtserfahrungen (f\u00fcr Frauen, M\u00e4nner und Paare) *<\/strong><br>ganzheitliches Konzept zur Trauma-Verarbeitung &#8211; individuelle Begleitung &#8211; Honorar nach Familieneinkommen \u2665 Online, Hausbesuch, Praxis: Termine nach Abspache: 01573-4406394 oder&nbsp;<a href=\"http:\/\/info(at)winyan.de\">info(at)winyan.de<\/a><\/p>\n\n\n\n<hr class=\"wp-block-separator aligncenter has-alpha-channel-opacity\"\/>\n\n\n\n<p>2-<strong><a href=\"https:\/\/winyan.de\/index.php\/koeln\/\" data-type=\"page\" data-id=\"149\">Monatlicher Frauenkreis<\/a><\/strong> <strong>f\u00fcr 4 bis 10 Frauen<\/strong> \u2013 ein Ort f\u00fcr Frauen \u2013 egal wie alt du bist, egal ob du geboren hast oder nicht, egal ob du schon mal bei einem Frauenkreis warst oder nicht\u2026.. du bist herzlich willkommen! Du kann frei w\u00e4hlen, ob du regelm\u00e4\u00dfig kommen m\u00f6chtest oder nur hin und wieder.<\/p>\n\n\n\n<p>Mein Frauenkreis findet in diesem wundersch\u00f6nen <a href=\"https:\/\/winyan.de\/index.php\/eifel\/\">Raum<\/a> statt, vor dem Kaminfeuer, oder drau\u00dfen an der Feuerstelle unter dem Mammutbaum. Termine und Ort: <a href=\"https:\/\/winyan.de\/index.php\/koeln\/\" data-type=\"page\" data-id=\"149\">hier<\/a><br><\/p>\n\n\n\n<hr class=\"wp-block-separator has-alpha-channel-opacity\"\/>\n\n\n\n<p><strong><a href=\"https:\/\/winyan.de\/pdf\/12-2023 Verarbeitungs WOEN Eifel ohne Datum.pdf\" target=\"_blank\" rel=\"noreferrer noopener\">* Ganzheitliche Geburts-, bzw. Kaiserschnitt-Verarbeitung 2026 in der Eifel *<\/a><\/strong><br>3-t\u00e4giges, gesch\u00fctztes Kleinst-Gruppenangebot mit naturtherapeutischen Elementen f\u00fcr 3-5 Frauen<br>Freitag, &nbsp;von 14-18.30 Uhr und&nbsp;Sa, \/So, jeweils 10-18\/17 Uhr; 390.- Euro\u2665&nbsp;(angepasster Beitrag oder Ratenzahlung m\u00f6glich) Anmeldung:&nbsp;<a href=\"https:\/\/web.archive.org\/web\/20220928003932\/mailto:info@winyan.de\">info(at)winyan.de<\/a> (Vulkaneifel Fahrzeit ca. 1 Stunde aus K\u00f6ln)<\/p>\n\n\n\n<hr class=\"wp-block-separator has-alpha-channel-opacity\"\/>\n\n\n\n<p>Ich biete in der Eifel meine besondere <strong>2,<\/strong> <strong>3- oder 4-st\u00fcndige Heilungs-Zeit<\/strong> (z.B. nach Krisen und Traumata) an. Das ist eine Kombination aus tiefgehendem Sprechen, K\u00f6rper- &amp; Energie-Arbeit,&nbsp; Entspannung &amp;&nbsp; Visualisierungs\u00fcbungen f\u00fcr Frauen (und M\u00e4nner) rund um die Themen, die sie mitbringen.<\/p>\n\n\n\n<p><strong>Tagesretreats <\/strong>werden individuell gestaltet und k\u00f6nnen 1:1 oder in Klein-Gruppen stattfinden. Melde dich einfach bei mir und wir kreieren deinen Heilungs-Tag speziell f\u00fcr dich! Ich freue mich auf dich!<\/p>\n\n\n\n<p><a href=\"https:\/\/winyan.de\/index.php\/beratung\/\">Kosten<\/a> und Termine nach Absprache\/Familienbudget (z.B. 2h 140.- | 3h 200.- | 4h 270.- = Durchschnittswerte, du zahlst nach deinen M\u00f6glichkeiten)<\/p>\n\n\n\n<hr class=\"wp-block-separator has-alpha-channel-opacity\"\/>\n\n\n\n<p><strong>EIFEL &amp;  HAUSBESUCH:<\/strong><\/p>\n\n\n\n<p>verschiedene <a href=\"https:\/\/winyan.de\/index.php\/rituale\/\">Rituale<\/a>, Segnungen &amp; Feiern<\/p>\n\n\n\n<hr class=\"wp-block-separator has-alpha-channel-opacity\"\/>\n\n\n\n<p><strong>* Doppel-Sprechstunde * als Hausbesuch, Online oder in der Paxis: Schwangerschaft und Geburt nach schwieriger Geburt oder Kaiserschnitt (VBAC)&nbsp;&#8211; Beratung mit Nina Klara, \u00c4rztin und Nicole Ebrecht-Fu\u00df gemeinsam &#8211; individuelle und ganzheitliche Einzel-Beratung zu medizinischen und allen anderen Fragen f\u00fcr Frauen\/Paare<\/strong><\/p>\n\n\n\n<p>Wir legen euch unsere Doppelsprechstunde ans Herz. Vorab k\u00f6nnt ihr uns alle Fragen und individuellen Themen als Email geb\u00fcndelt zuschicken. Dann bekommt ihr in der Doppelsprechstunde genau auf euch zugeschnittene Informationen &#8211; wir holen euch genau da ab, wo ihr steht. Au\u00dferdem bekommt ihr konkretes Material in die H\u00e4nde, kostenfreie Buch- oder Filmausleihe und die M\u00f6glichkeit euch auch danach noch mit Fragen weiterhin an uns zu wenden (\u00fcber Telegram oder Signal z.B.).<\/p>\n\n\n\n<p>Honorar 120.- (60 min.) 180.- (90 min.) \u2665 (Sozialpreis auf Anfrage) Termine auf Anfrage<strong>&nbsp;&#8211;&nbsp;<\/strong>unter 01573-4406394 oder&nbsp;<a href=\"https:\/\/web.archive.org\/web\/20220928003932\/mailto:info@winyan.de\">info(at)winyan.de<\/a><\/p>\n\n\n\n<hr class=\"wp-block-separator has-alpha-channel-opacity\"\/>\n\n\n\n<p><strong>K\u00d6LN Selbsthilfegruppe<\/strong>:<\/p>\n\n\n\n<p>Jeden 3. Montag im Monat von 19:45 \u2013 21:15 Uhr&nbsp;<strong>Begleitete * Selbsthilfegruppe K\u00f6ln* Krise rund um Geburt \/  schwierige Geburt *<a href=\"https:\/\/winyan.de\/pdf\/Flyer_2018_selbsthilfe_Druck.pdf.pdf\">&nbsp;<\/a><\/strong>Die Teilnahme ist unverbindlich. Kostenbeitrag: freiwillige Spende. Eine Anmeldung unter 01573-4406394 oder info(at)winyan.de ist n\u00f6tig. Ich freue mich auf dich!<\/p>\n\n\n\n<p>Termine 2026: \/ 16.3. \/ 20.4. \/ 18.5. \/ 15.6. \/ 17.8. \/ 21.9. \/ 19.10. \/ 16.11. \/ 14.12.26<br>Ort: <a href=\"https:\/\/www.raum-fuer-resonanz.de\/kontakt\/\">Raum f\u00fcr Resonanz<\/a>, Ritterstra\u00dfe 27, 50668 K\u00f6ln<\/p>\n\n\n\n<hr class=\"wp-block-separator has-alpha-channel-opacity\"\/>\n\n\n\n<p><strong>F\u00dcR MENSCHEN, DIE RUND UM GEBURT ARBEITEN:<\/strong><\/p>\n\n\n\n<p><br>\u2022 <strong>Ganzheitliche Reflexion deiner Geburtsbegleitung &#8211; f\u00fcr Hebammen, Geburtsh\u00fcterinnen, Doulas\u2026.<\/strong><br>Wenn dir eine Geburt &#8222;nachl\u00e4uft&#8220;, die du begleitet hast; zur Einordnung des Erlebten. Du bekommst einen Raum f\u00fcr dich, ich h\u00f6re dir zu und gebe heilsame Impulse. 60 \/ 90 \/120 min. Honorar nach Familieneinkommen \u2665 Auch als Kleingruppe buchbar!<br>Wo: In der Praxis, als Hausbesuch oder online: Email info(at)winyan.de, Tel: 01573\/4406394<\/p>\n\n\n\n<p><strong>Online-Kompakt-Kurs: GEBURT und TRAUMA: 14.3.2026<\/strong><\/p>\n\n\n\n<p><strong>* erkennen, begleiten und vermeiden von Traumatisierungen durch Geburt *<\/strong><br>3,5 Std. online Kompakt-Kurs f\u00fcr Menschen die rund um die Geburt arbeiten<br>(Hebammen, Doulas, Stillberaterinnen, Therapeut<em>innen, \u00c4rzt<\/em>innen, Familienbegleiterinnen, Hypnobirthing-Kursleiterinnen, Sozialp\u00e4dagog<em>innen<\/em>\u2026..)<br><strong>Wann:<\/strong> Samstag, 14.3.26 von 10-13.30 Uhr<br><strong>Wo:<\/strong> ONLINE &#8211; inklusive Literaturliste, Zusammenfassungen versch. Methoden, hilfreiche Tools <br><strong>Anmeldung:<\/strong> Nicole Ebrecht-Fu\u00df, Email info(at)winyan.de, Tel: 49 1573 4406394<br>Kosten: 66 Euro\u2665 (angepasster Beitrag oder Ratenzahlung nat\u00fcrlich m\u00f6glich &#8211; sprich mich einfach an!)<\/p>\n\n\n\n<p><strong><a href=\"https:\/\/winyan.de\/pdf\/Fobi Trauma und Geburt - erkennen, begleiten und vermeiden 1-2024.pdf\">Fortbildung: GEBURT und TRAUMA&nbsp;<\/a> (siehe auch weiter unten in ESSEN 1. und 2. Mai 2026)<\/strong><\/p>\n\n\n\n<p><strong>* erkennen, begleiten und vermeiden von Traumatisierungen durch Geburt *<\/strong><br>2-t\u00e4gige Intensiv-Fortbildung f\u00fcr Menschen die rund um die Geburt arbeiten<br>(Hebammen, Doulas, Stillberaterinnen, Therapeut<em>innen, \u00c4rzt<\/em>innen, Familienbegleiterinnen, Hypnobirthing-Kursleiterinnen, Sozialp\u00e4dagog<em>innen<\/em>\u2026..)<br><strong>Wann:<\/strong> Samstag &amp; Sonntag Zeit: Sa. 9-18, So. 9.30-17.30 Uhr (und auf Anfrage auch in anderen St\u00e4dten)<br><strong>Wo:<\/strong> ONLINE oder Raum f\u00fcr heilsame Zeit, K\u00f6lner Str. 1, 54579 Leudersdorf\/Vulkaneifel (Unterkunftsliste auf Anfrage)<br><strong>Anmeldung:<\/strong> Nicole Ebrecht-Fu\u00df, Email info(at)winyan.de, Tel: 49 1573 4406394<br>Kosten: 450,- Euro\u2665 (angepasster Beitrag oder Ratenzahlung nat\u00fcrlich m\u00f6glich)<\/p>\n\n\n\n<hr class=\"wp-block-separator has-alpha-channel-opacity\"\/>\n\n\n\n<p><a href=\"https:\/\/winyan.de\/pdf\/TEXT_und_Bild_Seelenbalsam_10-25.pdf\" data-type=\"link\" data-id=\"https:\/\/winyan.de\/pdf\/TEXT_und_Bild_Seelenbalsam_10-25.pdf\"><strong>SEELENBALSAM<\/strong><\/a> f\u00fcr Mamas: freitags 11-12.30 Uhr 2 mal im Monat im <a href=\"https:\/\/winyan.de\/index.php\/eifel\/\" data-type=\"page\" data-id=\"147\">Raum f\u00fcr heilsame Zeit Vulkaneifel<\/a><br>Ist ein fachlich begleitetes Angebot f\u00fcr Frauen rund um Geburt mit Raum und Zeit f\u00fcr alle Themen, die die Frauen mitbringen:<br>Zwischen Stillen\/Milch geben, Wickeln und Schlafmangel bleibt oft kaum Zeit f\u00fcr DICH. Doch genau diese Zeit ist wichtig, um Kraft zu sch\u00f6pfen und dich mit dir selbst zu verbinden.<br>In diesem Me-Time Angebot kannst du:<\/p>\n\n\n\n<p>\ud83e\udde1 zur Ruhe kommen und Loslassen \u2013 mit gef\u00fchrten Heilreisen<br>\ud83e\udde1 deine innere Balance finden \u2013 mit Atem- und K\u00f6rper\u00fcbungen<br>\ud83e\udde1 alles fragen, was dich besch\u00e4ftigt: ich teile Impulse, Wissen und Erfahrung von Herzen \u2013 als Fachfrau und Mutter<br>\ud83e\udde1 dich mit anderen Mamas austauschen<br>\ud83e\udde1 einfach mal DU sein und Zeit f\u00fcr dich haben<\/p>\n\n\n\n<p>Ein Angebot das dich st\u00e4rkt, inspiriert und dir das gibt, was du brauchst:<br>eine kleine Auszeit nur f\u00fcr dich &#8211; mit oder ohne dein Baby &#8211; so, wie es sich f\u00fcr dich richtig anf\u00fchlt. Du wirst versorgt mit Getr\u00e4nken und Snacks am warmen Kaminfeuer. \ud83d\udd25<\/p>\n\n\n\n<p>Ich freue mich auf dich!<\/p>\n\n\n\n<div class=\"wp-block-group\"><div class=\"wp-block-group__inner-container is-layout-constrained wp-block-group-is-layout-constrained\">\n<hr class=\"wp-block-separator has-alpha-channel-opacity\"\/>\n\n\n\n<p><strong>ESSEN:<\/strong><\/p>\n<\/div><\/div>\n\n\n\n<p><strong>Ganzheitliche Geburts-, bzw. Kaiserschnitt-Verarbeitung in ESSEN 4. und 5. Juli 2026<\/strong><br>2-t\u00e4giges, gesch\u00fctztes Kleinst-Gruppenangebot f\u00fcr Frauen (3-4 Frauen) &#8211;<br>Wann: Sa., von 10 bis ca.18 Uhr, So., von 9.30 bis ca. 17.30 Uhr ; Kosten auf Anfrage (gef\u00f6rdertes Angebot) (Anmeldung:info(at)kriseundgeburt.de oder 0176-58243291)<br><strong>Wo:<\/strong> Hohlweg, Essen (wir bei Anmeldung bekannt gegeben)<\/p>\n\n\n\n<p><strong>Fortbildung: GEBURT und TRAUMA in Essen 1. und 2. Mai 2026<\/strong><\/p>\n\n\n\n<p><strong>* erkennen, begleiten und vermeiden von Traumatisierungen durch Geburt *<\/strong><br>2-t\u00e4gige Intensiv-Fortbildung f\u00fcr Menschen die rund um die Geburt arbeiten<br>(Hebammen, Doulas, Stillberaterinnen, Therapeut<em>innen, \u00c4rzt<\/em>innen, Familienbegleiterinnen, Hypnobirthing-Kursleiterinnen, Familienhebammen, Sozialp\u00e4dagog<em>innen<\/em>\u2026..)<br><strong>Wann:<\/strong> Samstag &amp; Sonntag, Zeit: Sa. 9-18, So. 9.30-17.30 Uhr (und auf Anfrage auch in anderen St\u00e4dten)<br><strong>Wo:<\/strong> Hohlweg, Essen (wir bei Anmeldung bekannt gegeben)<br><strong>Anmeldung:<\/strong> Nicole Ebrecht-Fu\u00df, Email info(at)winyan.de, Tel: 49 1573 4406394<br>Kosten: 450,- Euro\u2665 (angepasster Beitrag oder Ratenzahlung nat\u00fcrlich m\u00f6glich)<\/p>\n\n\n\n<hr class=\"wp-block-separator has-alpha-channel-opacity\"\/>\n\n\n\n<p><strong>K\u00d6LN:<\/strong><\/p>\n\n\n\n<p><strong><a href=\"https:\/\/winyan.de\/pdf\/Kindliche Sexualit\u00e4t Vortrag f\u00fcr Eltern 02-19.pdf\">Psycho-sexuelle Entwicklung von Kindern ganzheitlich erkl\u00e4rt<\/a><\/strong><\/p>\n\n\n\n<p>* Vortrag und Gespr\u00e4chsrunde f\u00fcr Eltern und Interessierte *<\/p>\n\n\n\n<p><strong>f\u00fcr 2026 wieder geplant! Termine folgen!<\/strong><br>Ort: Kindern\u00f6te e.V., Florenzer Str. 84, 50765 K\u00f6ln-Chorweiler 18.3.26 von 10 bis 13 Uhr &amp; 14.10.2026 von 10 bis 13 Uhr<\/p>\n\n\n\n<p>I<a href=\"https:\/\/kindernoete.de\/ksn-angebot\/\">nformation und Anmeldung:<\/a><br>Doris Dissemond<br><a href=\"tel:+492217006520\">0221.700 65 20<\/a><br><a href=\"mailto:kleine-schritte-netzwerk@kindernoete.de\">kleine-schritte-netzwerk [at] kindernoete.de<\/a><\/p>\n\n\n\n<p>Eintritt FREI!<\/p>\n\n\n\n<hr class=\"wp-block-separator has-alpha-channel-opacity\"\/>\n\n\n\n<p><strong>*Fu\u00dfreflexzonenmassage* heilend, wohltuend, entspannend<\/strong><\/p>\n\n\n\n<p>\u00fcber eine Massage der Reflexzonen am Fu\u00df kann eine deutliche Stabilisierung erreicht werden * sie ber\u00fchrt sanft den gesamten K\u00f6rper * bringt \u00fcber die Meridiane die Energie wieder in Fluss * au\u00dferdem ist es eine erste Kontaktaufnahme mit der Narbe\/Narbenentst\u00f6rung (nach Kaiserschnitt) * auf Wunsch mit gemeinsam selbst hergestelltem Heile\u00f6l mit \u00e4therischen \u00d6len<\/p>\n\n\n\n<p>90 min \/ 110.- <strong>\u2665 <\/strong>inkl. des Heil\u00f6ls<br>Termine nach Absprache: 01573-4406394<\/p>\n\n\n\n<hr class=\"wp-block-separator has-alpha-channel-opacity\"\/>\n\n\n\n<p><strong>(\u2665 angepasster Beitrag oder Ratenzahlung m\u00f6glich &#8211; sprich mich an, wir finden immer eine L\u00f6sung, wenn du das Angebot in Anspruch nehmen m\u00f6chtest und aktuell weniger finanziellen Spielraum hast!)<\/strong><\/p>\n\n\n\n<hr class=\"wp-block-separator has-alpha-channel-opacity\"\/>\n\n\n\n<p><strong>VER\u00d6FFENTLICHUNGEN von oder mit<a href=\"https:\/\/winyan.de\/index.php\/ueber-mich\/\"> mir<\/a>:<\/strong><\/p>\n\n\n\n<ul class=\"wp-block-list\">\n<li>Spiegel-Online Interview:<a href=\"https:\/\/www.spiegel.de\/panorama\/gesellschaft\/wir-muessen-jetzt-schneiden-a-c278f88d-0002-0001-0000-000178494487\" target=\"_blank\" rel=\"noreferrer noopener\">&nbsp;&#8222;Wir m\u00fcssen jetzt schneiden&#8220; &#8211; Therapeutin \u00fcber traumatische Entbindungen<\/a>&nbsp;(7-2021)<\/li>\n\n\n\n<li>Spiegel-Printausgabe Kurz-Interview zum&nbsp;<a href=\"https:\/\/winyan.de\/pdf\/Interview kurz Spiegel PRINT 7-2021.PDF.pdf\" target=\"_blank\" rel=\"noreferrer noopener\">&#8222;Hilfetelefon schwierige Geburt&#8220;&nbsp;<\/a>(7-2021)<\/li>\n\n\n\n<li>Podcast (10-2020): Interviewt von&nbsp;<a href=\"https:\/\/web.archive.org\/web\/20220928003932\/https:\/\/www.lebensliebe-coaching.de\/\" target=\"_blank\" rel=\"noreferrer noopener\">Lebensliebe-Coaching<\/a>&nbsp;&#8211;&nbsp;<a href=\"https:\/\/open.spotify.com\/episode\/0tf4K5v7mZbyRgnLyRNiLI?si=N7rxb_89TYi3YOdu9mjDxg\" target=\"_blank\" rel=\"noreferrer noopener\">&#8222;Sexualit\u00e4t, Geburt und weibliche Intuition&#8220;<\/a><\/li>\n\n\n\n<li>Podcast (9-2020) : Story Quarks &#8211;&nbsp;&nbsp;<a href=\"https:\/\/www1.wdr.de\/mediathek\/audio\/quarks-story\/audio-schwere-geburt-aus-traum-wird-trauma-100.html\" target=\"_blank\" rel=\"noreferrer noopener\">Schwere Geburt: Aus Traum wird Trauma<\/a><\/li>\n\n\n\n<li>K\u00f6lner Stadtanzeiger Interview(11-2019):<a href=\"https:\/\/web.archive.org\/web\/20220928003932\/http:\/\/winyan.de\/_\/fileadmin\/pdf\/Gewalt_in_der_Geburtshilfe_KSTA_25-11-19.pdf\">&nbsp;<\/a><a href=\"https:\/\/www.berliner-zeitung.de\/gewalt-in-der-geburtshilfe-frauen-erleben-sie-auch-heute-noch-li.411761\" target=\"_blank\" rel=\"noreferrer noopener\">&#8222;Gewalt in der Geburtshilfe &#8211; Die Hebamme sagte mir, ich solle mich nicht so anstellen.&#8220;<\/a><\/li>\n\n\n\n<li>Text von mir: (M\u00e4rz 2018):&nbsp;<a href=\"https:\/\/winyan.de\/pdf\/Erfahrungen aus 7 Jahren Begleitung von Frauen - Petition Mascha 03-18.pdf.pdf\" target=\"_blank\" rel=\"noreferrer noopener\">&#8222;Meine Erfahrungen aus 7 Jahren Begleitung von Frauen (Familien),&nbsp; die durch ihre Geburt traumatisiert wurden&#8220;<\/a><\/li>\n<\/ul>\n\n\n\n<ul class=\"wp-block-list\">\n<li>Interview vom 27.3.18 der K\u00f6lner Rundschau:&nbsp;<a href=\"https:\/\/www.rundschau-online.de\/koeln\/interview-sexualpaedagogin-nicole-ebrecht-fuss-hilft-frauen-nach-einer-traumatischen-geburt-255233\" target=\"_blank\" rel=\"noreferrer noopener\">&#8222;K\u00f6lner Selbsthilfegruppe: Frauen werden unter der Geburt oft unter Druck gesetzt&#8220;<\/a> <strong><a href=\"https:\/\/winyan.de\/pdf\/Flyer_2018_selbsthilfe_Druck.pdf.pdf\">K\u00f6lner Selbsthilfegruppe<\/a><\/strong>&nbsp;\u00a92018<\/li>\n\n\n\n<li>Ein Interview mit 3 M\u00fcttern und mit mir in der Zeitschrift &#8222;Eltern&#8220; Nr.1\/2017 (S. 98-102) ist hier zu finden:&nbsp;<a href=\"https:\/\/web.archive.org\/web\/20220928003932\/http:\/\/winyan.de\/_\/index.php?id=1\">&#8222;Wenn die Geburt traumatisch ist&#8230;&#8220;<\/a><\/li>\n\n\n\n<li>TV-Dokumentation Tag 7 vom WDR von Birgit Thater:<a href=\"https:\/\/programm.ard.de\/TV\/wdrfernsehen\/das-baby-kommt--\/eid_2811118036490171\" target=\"_blank\" rel=\"noreferrer noopener\">&nbsp;&#8222;Das Baby kommt &#8211; Zwischen Trauma und Traumgeburt&#8220; (2016) (Version 45 min.<\/a>)&nbsp; <\/li>\n\n\n\n<li>Ein&nbsp;<strong>Artikel in der Deutschen Hebammenzeitschrift<\/strong>&nbsp;8\/2015 von mir ist hier zu finden:&nbsp;<a href=\"https:\/\/www.dhz-online.de\/news\/detail\/artikel\/traumatischer-einschnitt\/\" target=\"_blank\" rel=\"noreferrer noopener\">&#8222;Traumatischer Einschnitt&#8220;<\/a><\/li>\n\n\n\n<li><a href=\"https:\/\/www.greenbirth.de\/images\/drucksachen\/sanft_und_sicher\/sanft_und_sicher_20190523.pdf\" target=\"_blank\" rel=\"noreferrer noopener\">\u201eSanft und sicher versorgt auf die Welt kommen mit dem Blut aus Plazenta und Nabelschnur\u201c<\/a><a href=\"http:\/\/www.greenbirth.de\/images\/_sanft_sicher_druck_6_4_16.pdf\" target=\"_blank\" rel=\"noreferrer noopener\">&nbsp;<\/a>Brosch\u00fcre von GreenBirth e.V. &#8211; wichtige Informationen und Erkenntnisse f\u00fcr (werdende) Eltern, Hebammen, \u00c4rzte!&nbsp;<\/li>\n\n\n\n<li>Der wunderbare Film<strong>&nbsp;<a href=\"https:\/\/www.youtube.com\/watch?v=puCu8lBWJMs\" target=\"_blank\" rel=\"noreferrer noopener\">&#8222;THE FACE OF BIRTH<\/a>&#8222;<\/strong>&nbsp;(OmU) ist gegen eine Filmspende ausleihbar oder zu Kaufen f\u00fcr 18.-! Face of Birth vermittelt eindr\u00fccklich, wie bedeutsam es ist wie, wo und mit wem Kinder geboren werden. Weitere Infos unter: 01573-4406394 oder info(at)winyan.de<\/li>\n\n\n\n<li><strong>weitere Filme und B\u00fccher verleihe ich kostenfrei f\u00fcr die Menschen, die ich begleite!<\/strong><\/li>\n<\/ul>\n\n\n\n<p><\/p>\n","protected":false},"excerpt":{"rendered":"<p>Aktuelle Veranstaltungen Raum f\u00fcr heilsame Zeit | K\u00f6lner Str. 1 | 54579 Leudersdorf (\u00dcxheim) Vulkan-Eifel Geburtsbegleitungen in NRW | Eifel | Gro\u00dfraum K\u00f6ln\/Umgebung &amp; wohin du micht rufst Online Begleitung und Hausbesuche sind ebenfalls m\u00f6glich. WEGBEGLEITERIN rund um die Geburt &amp; das Leben Ganzheitliche Begleitung bei Krisen in Schwangerschaft, Geburt, Wochenbett &amp; danach Einzelbegleitung bei [&hellip;]<\/p>\n","protected":false},"author":1,"featured_media":0,"parent":0,"menu_order":0,"comment_status":"closed","ping_status":"closed","template":"","meta":{"footnotes":""},"categories":[],"tags":[],"class_list":["post-33","page","type-page","status-publish","hentry","blog-style1"],"_links":{"self":[{"href":"https:\/\/winyan.de\/index.php\/wp-json\/wp\/v2\/pages\/33","targetHints":{"allow":["GET"]}}],"collection":[{"href":"https:\/\/winyan.de\/index.php\/wp-json\/wp\/v2\/pages"}],"about":[{"href":"https:\/\/winyan.de\/index.php\/wp-json\/wp\/v2\/types\/page"}],"author":[{"embeddable":true,"href":"https:\/\/winyan.de\/index.php\/wp-json\/wp\/v2\/users\/1"}],"replies":[{"embeddable":true,"href":"https:\/\/winyan.de\/index.php\/wp-json\/wp\/v2\/comments?post=33"}],"version-history":[{"count":85,"href":"https:\/\/winyan.de\/index.php\/wp-json\/wp\/v2\/pages\/33\/revisions"}],"predecessor-version":[{"id":885,"href":"https:\/\/winyan.de\/index.php\/wp-json\/wp\/v2\/pages\/33\/revisions\/885"}],"wp:attachment":[{"href":"https:\/\/winyan.de\/index.php\/wp-json\/wp\/v2\/media?parent=33"}],"wp:term":[{"taxonomy":"category","embeddable":true,"href":"https:\/\/winyan.de\/index.php\/wp-json\/wp\/v2\/categories?post=33"},{"taxonomy":"post_tag","embeddable":true,"href":"https:\/\/winyan.de\/index.php\/wp-json\/wp\/v2\/tags?post=33"}],"curies":[{"name":"wp","href":"https:\/\/api.w.org\/{rel}","templated":true}]}}